{"id":3668,"date":"2023-09-12T11:47:33","date_gmt":"2023-09-12T09:47:33","guid":{"rendered":"https:\/\/celinedeligey.com\/le-portefeuille\/"},"modified":"2023-11-21T16:40:16","modified_gmt":"2023-11-21T14:40:16","slug":"portfolio-photographe","status":"publish","type":"page","link":"https:\/\/celinedeligey.com\/fr\/portfolio-photographe\/","title":{"rendered":"Portfolio"},"content":{"rendered":"<div class=\"\n\t\tflo-block\n\t\tflo-block-post-grid flo-block-post-grid--text-under\tflo-block-post-grid--text-under-mobile\tflo-block-post-grid--columns-3\tflo-block-post-grid--no-masonry\t\t\t\" style=\"\n\t--gap-between-items: 1.25em;\n --mobile-gap-between-items: 0.625em;\n --gap-inside-overlay: 0em;\n\t--color-overlay: var(--scheme_1--text--accent);\n\t--opacity-overlay: 0.3;\n\t--text-elements-color: var(--scheme_1--text--default);\n\t--mobile-text-elements-color: var(--scheme_1--text--default);\n\t--meta-color: var(--scheme_1--overline--default);\n\t--mobile-meta-color: var(--scheme_1--overline--default);\n\t--image-height: 21.875em;\n --mobile-image-height: 15.625em;\n\t--top-margin: 0em;\n\t--bottom-margin: 0em;\n\t--mobile-top-margin: 0em;\n\t--mobile-bottom-margin: 0em;\n\t\t\t\t \" >\n\t\t\t<div class=\"\n\t\t flo-block-post-grid__items\">\n\t\t\t\n\t\t\t\t<div class=\"flo-block-post-grid__item\">\n\t\t\t\t\t<div class=\"flo-block-post-grid__image-wrapper\">\n\t\t\t\t\t\t\t\t\t\t\t\t\t<div class='flo-block-post-grid__image'>\n\t\t\t\t\t\t\t\t<a href=\"https:\/\/celinedeligey.com\/fr\/gallery\/anais-romain-enorme-fete-de-mariage-a-la-maison\/\">\n\t\t\t\t\t\t\t\t\t<img width=\"1600\" height=\"1064\" class=\"lazyload\" data-src=\"https:\/\/celinedeligey.com\/wp-content\/uploads\/2025\/12\/Photographe-mariage-a-la-maison-Toulouse-645.jpg\" data-srcset=\"https:\/\/celinedeligey.com\/wp-content\/uploads\/2025\/12\/Photographe-mariage-a-la-maison-Toulouse-645.jpg 1600w, https:\/\/celinedeligey.com\/wp-content\/uploads\/2025\/12\/Photographe-mariage-a-la-maison-Toulouse-645-300x200.jpg 300w, https:\/\/celinedeligey.com\/wp-content\/uploads\/2025\/12\/Photographe-mariage-a-la-maison-Toulouse-645-1024x681.jpg 1024w, https:\/\/celinedeligey.com\/wp-content\/uploads\/2025\/12\/Photographe-mariage-a-la-maison-Toulouse-645-768x511.jpg 768w, https:\/\/celinedeligey.com\/wp-content\/uploads\/2025\/12\/Photographe-mariage-a-la-maison-Toulouse-645-1536x1021.jpg 1536w\" sizes=\"(min-width: 768px) calc(100vw \/ 3), 100vw\" \/>\n\t\t\t\t\t\t\t\t<\/a>\n\t\t\t\t\t\t\t<\/div>\n\t\t\t\t\t\t\n\t\t\t\t\t\t<div class=\"flo-block-post-grid__overlay-wrapper \">\n\t\t\t\t\t\t<a href=\"https:\/\/celinedeligey.com\/fr\/gallery\/anais-romain-enorme-fete-de-mariage-a-la-maison\/\">\t\n\t\t\t\t\t\t\t<div class=\"flo-block-post-grid__overlay\"><\/div>\n\t\t\t\t\t\t<\/a>\n\t\t\t\t\t\t<\/div>\n\n\t\t\t\t\t\t\t\t\t\t\t\t\t\t\t\t<div class=\"flo-block-post-grid__text\">\n\t\t\t\t\t\t\t\t\t\t<h3 class=\"flo-block-post-grid__title\"><a class=\"in_block\" data-font=\"title_1\/xsmall\" href=\"https:\/\/celinedeligey.com\/fr\/gallery\/anais-romain-enorme-fete-de-mariage-a-la-maison\/\">Ana\u00efs &amp; Romain &#8211; \u00c9norme f\u00eate de mariage \u00e0 la maison<\/a><\/h3>\n\t\t\t\t\t\t\t\t\t<\/div>\n\n\t\t\t\t\t\t\t\t\t\t\t\t\t\t\t<\/div>\n\t\t\t\t\t\t\t\t\t\t\t\t\t\t\t\t\t\t\t<\/div>\n\t\t\t\n\t\t\t\t<div class=\"flo-block-post-grid__item\">\n\t\t\t\t\t<div class=\"flo-block-post-grid__image-wrapper\">\n\t\t\t\t\t\t\t\t\t\t\t\t\t<div class='flo-block-post-grid__image'>\n\t\t\t\t\t\t\t\t<a href=\"https:\/\/celinedeligey.com\/fr\/gallery\/reportage-photo-mariage-au-mas-darvieux-provence\/\">\n\t\t\t\t\t\t\t\t\t<img width=\"1600\" height=\"1067\" class=\"lazyload\" data-src=\"https:\/\/celinedeligey.com\/wp-content\/uploads\/2025\/12\/Photographe-mariage-Provence-destination-Wedding-Mas-d-Arvieux518.jpg\" data-srcset=\"https:\/\/celinedeligey.com\/wp-content\/uploads\/2025\/12\/Photographe-mariage-Provence-destination-Wedding-Mas-d-Arvieux518.jpg 1600w, https:\/\/celinedeligey.com\/wp-content\/uploads\/2025\/12\/Photographe-mariage-Provence-destination-Wedding-Mas-d-Arvieux518-300x200.jpg 300w, https:\/\/celinedeligey.com\/wp-content\/uploads\/2025\/12\/Photographe-mariage-Provence-destination-Wedding-Mas-d-Arvieux518-1024x683.jpg 1024w, https:\/\/celinedeligey.com\/wp-content\/uploads\/2025\/12\/Photographe-mariage-Provence-destination-Wedding-Mas-d-Arvieux518-768x512.jpg 768w, https:\/\/celinedeligey.com\/wp-content\/uploads\/2025\/12\/Photographe-mariage-Provence-destination-Wedding-Mas-d-Arvieux518-1536x1024.jpg 1536w\" sizes=\"(min-width: 768px) calc(100vw \/ 3), 100vw\" \/>\n\t\t\t\t\t\t\t\t<\/a>\n\t\t\t\t\t\t\t<\/div>\n\t\t\t\t\t\t\n\t\t\t\t\t\t<div class=\"flo-block-post-grid__overlay-wrapper \">\n\t\t\t\t\t\t<a href=\"https:\/\/celinedeligey.com\/fr\/gallery\/reportage-photo-mariage-au-mas-darvieux-provence\/\">\t\n\t\t\t\t\t\t\t<div class=\"flo-block-post-grid__overlay\"><\/div>\n\t\t\t\t\t\t<\/a>\n\t\t\t\t\t\t<\/div>\n\n\t\t\t\t\t\t\t\t\t\t\t\t\t\t\t\t<div class=\"flo-block-post-grid__text\">\n\t\t\t\t\t\t\t\t\t\t<h3 class=\"flo-block-post-grid__title\"><a class=\"in_block\" data-font=\"title_1\/xsmall\" href=\"https:\/\/celinedeligey.com\/fr\/gallery\/reportage-photo-mariage-au-mas-darvieux-provence\/\">Fabienne &amp; Zipu &#8211; Mariage au Mas d&#8217;Arvieux<\/a><\/h3>\n\t\t\t\t\t\t\t\t\t<\/div>\n\n\t\t\t\t\t\t\t\t\t\t\t\t\t\t\t<\/div>\n\t\t\t\t\t\t\t\t\t\t\t\t\t\t\t\t\t\t\t<\/div>\n\t\t\t\n\t\t\t\t<div class=\"flo-block-post-grid__item\">\n\t\t\t\t\t<div class=\"flo-block-post-grid__image-wrapper\">\n\t\t\t\t\t\t\t\t\t\t\t\t\t<div class='flo-block-post-grid__image'>\n\t\t\t\t\t\t\t\t<a href=\"https:\/\/celinedeligey.com\/fr\/gallery\/photographe-mariage-toulouse-domaine-du-beyssac\/\">\n\t\t\t\t\t\t\t\t\t<img width=\"1600\" height=\"1067\" class=\"lazyload\" data-src=\"https:\/\/celinedeligey.com\/wp-content\/uploads\/2025\/12\/Photographe-mariage-Toulouse-Domaine-Beyssac-498.jpg\" data-srcset=\"https:\/\/celinedeligey.com\/wp-content\/uploads\/2025\/12\/Photographe-mariage-Toulouse-Domaine-Beyssac-498.jpg 1600w, https:\/\/celinedeligey.com\/wp-content\/uploads\/2025\/12\/Photographe-mariage-Toulouse-Domaine-Beyssac-498-300x200.jpg 300w, https:\/\/celinedeligey.com\/wp-content\/uploads\/2025\/12\/Photographe-mariage-Toulouse-Domaine-Beyssac-498-1024x683.jpg 1024w, https:\/\/celinedeligey.com\/wp-content\/uploads\/2025\/12\/Photographe-mariage-Toulouse-Domaine-Beyssac-498-768x512.jpg 768w, https:\/\/celinedeligey.com\/wp-content\/uploads\/2025\/12\/Photographe-mariage-Toulouse-Domaine-Beyssac-498-1536x1024.jpg 1536w\" sizes=\"(min-width: 768px) calc(100vw \/ 3), 100vw\" \/>\n\t\t\t\t\t\t\t\t<\/a>\n\t\t\t\t\t\t\t<\/div>\n\t\t\t\t\t\t\n\t\t\t\t\t\t<div class=\"flo-block-post-grid__overlay-wrapper \">\n\t\t\t\t\t\t<a href=\"https:\/\/celinedeligey.com\/fr\/gallery\/photographe-mariage-toulouse-domaine-du-beyssac\/\">\t\n\t\t\t\t\t\t\t<div class=\"flo-block-post-grid__overlay\"><\/div>\n\t\t\t\t\t\t<\/a>\n\t\t\t\t\t\t<\/div>\n\n\t\t\t\t\t\t\t\t\t\t\t\t\t\t\t\t<div class=\"flo-block-post-grid__text\">\n\t\t\t\t\t\t\t\t\t\t<h3 class=\"flo-block-post-grid__title\"><a class=\"in_block\" data-font=\"title_1\/xsmall\" href=\"https:\/\/celinedeligey.com\/fr\/gallery\/photographe-mariage-toulouse-domaine-du-beyssac\/\">Magali &amp; Romain &#8211; Domaine du Beyssac<\/a><\/h3>\n\t\t\t\t\t\t\t\t\t<\/div>\n\n\t\t\t\t\t\t\t\t\t\t\t\t\t\t\t<\/div>\n\t\t\t\t\t\t\t\t\t\t\t\t\t\t\t\t\t\t\t<\/div>\n\t\t\t\n\t\t\t\t<div class=\"flo-block-post-grid__item\">\n\t\t\t\t\t<div class=\"flo-block-post-grid__image-wrapper\">\n\t\t\t\t\t\t\t\t\t\t\t\t\t<div class='flo-block-post-grid__image'>\n\t\t\t\t\t\t\t\t<a href=\"https:\/\/celinedeligey.com\/fr\/gallery\/photographe-mariage-destination-wedding-from-usa\/\">\n\t\t\t\t\t\t\t\t\t<img width=\"1160\" height=\"760\" class=\"lazyload\" data-src=\"https:\/\/celinedeligey.com\/wp-content\/plugins\/flo-gutenberg-blocks\/\/assets\/images\/no-image.jpg\" data-srcset=\"\" sizes=\"(min-width: 768px) calc(100vw \/ 3), 100vw\" \/>\n\t\t\t\t\t\t\t\t<\/a>\n\t\t\t\t\t\t\t<\/div>\n\t\t\t\t\t\t\n\t\t\t\t\t\t<div class=\"flo-block-post-grid__overlay-wrapper \">\n\t\t\t\t\t\t<a href=\"https:\/\/celinedeligey.com\/fr\/gallery\/photographe-mariage-destination-wedding-from-usa\/\">\t\n\t\t\t\t\t\t\t<div class=\"flo-block-post-grid__overlay\"><\/div>\n\t\t\t\t\t\t<\/a>\n\t\t\t\t\t\t<\/div>\n\n\t\t\t\t\t\t\t\t\t\t\t\t\t\t\t\t<div class=\"flo-block-post-grid__text\">\n\t\t\t\t\t\t\t\t\t\t<h3 class=\"flo-block-post-grid__title\"><a class=\"in_block\" data-font=\"title_1\/xsmall\" href=\"https:\/\/celinedeligey.com\/fr\/gallery\/photographe-mariage-destination-wedding-from-usa\/\">Ashley &amp; Garett &#8211; Destination Wedding (From USA)<\/a><\/h3>\n\t\t\t\t\t\t\t\t\t<\/div>\n\n\t\t\t\t\t\t\t\t\t\t\t\t\t\t\t<\/div>\n\t\t\t\t\t\t\t\t\t\t\t\t\t\t\t\t\t\t\t<\/div>\n\t\t\t\n\t\t\t\t<div class=\"flo-block-post-grid__item\">\n\t\t\t\t\t<div class=\"flo-block-post-grid__image-wrapper\">\n\t\t\t\t\t\t\t\t\t\t\t\t\t<div class='flo-block-post-grid__image'>\n\t\t\t\t\t\t\t\t<a href=\"https:\/\/celinedeligey.com\/fr\/gallery\/vanille-david-mariage-au-luxueux-palace-des-airelles-de-gordes\/\">\n\t\t\t\t\t\t\t\t\t<img width=\"1600\" height=\"1065\" class=\"lazyload\" data-src=\"https:\/\/celinedeligey.com\/wp-content\/uploads\/2025\/12\/Photographe-Mariage-Gordes-Provence-Airelles-Celine-Thibaut-Deligey-134.jpg\" data-srcset=\"https:\/\/celinedeligey.com\/wp-content\/uploads\/2025\/12\/Photographe-Mariage-Gordes-Provence-Airelles-Celine-Thibaut-Deligey-134.jpg 1600w, https:\/\/celinedeligey.com\/wp-content\/uploads\/2025\/12\/Photographe-Mariage-Gordes-Provence-Airelles-Celine-Thibaut-Deligey-134-300x200.jpg 300w, https:\/\/celinedeligey.com\/wp-content\/uploads\/2025\/12\/Photographe-Mariage-Gordes-Provence-Airelles-Celine-Thibaut-Deligey-134-1024x682.jpg 1024w, https:\/\/celinedeligey.com\/wp-content\/uploads\/2025\/12\/Photographe-Mariage-Gordes-Provence-Airelles-Celine-Thibaut-Deligey-134-768x511.jpg 768w, https:\/\/celinedeligey.com\/wp-content\/uploads\/2025\/12\/Photographe-Mariage-Gordes-Provence-Airelles-Celine-Thibaut-Deligey-134-1536x1022.jpg 1536w\" sizes=\"(min-width: 768px) calc(100vw \/ 3), 100vw\" \/>\n\t\t\t\t\t\t\t\t<\/a>\n\t\t\t\t\t\t\t<\/div>\n\t\t\t\t\t\t\n\t\t\t\t\t\t<div class=\"flo-block-post-grid__overlay-wrapper \">\n\t\t\t\t\t\t<a href=\"https:\/\/celinedeligey.com\/fr\/gallery\/vanille-david-mariage-au-luxueux-palace-des-airelles-de-gordes\/\">\t\n\t\t\t\t\t\t\t<div class=\"flo-block-post-grid__overlay\"><\/div>\n\t\t\t\t\t\t<\/a>\n\t\t\t\t\t\t<\/div>\n\n\t\t\t\t\t\t\t\t\t\t\t\t\t\t\t\t<div class=\"flo-block-post-grid__text\">\n\t\t\t\t\t\t\t\t\t\t<h3 class=\"flo-block-post-grid__title\"><a class=\"in_block\" data-font=\"title_1\/xsmall\" href=\"https:\/\/celinedeligey.com\/fr\/gallery\/vanille-david-mariage-au-luxueux-palace-des-airelles-de-gordes\/\">VANILLE &amp; DAVID ( MARIAGE AU LUXUEUX PALACE DES AIRELLES DE GORDES )<\/a><\/h3>\n\t\t\t\t\t\t\t\t\t<\/div>\n\n\t\t\t\t\t\t\t\t\t\t\t\t\t\t\t<\/div>\n\t\t\t\t\t\t\t\t\t\t\t\t\t\t\t\t\t\t\t<\/div>\n\t\t\t\n\t\t\t\t<div class=\"flo-block-post-grid__item\">\n\t\t\t\t\t<div class=\"flo-block-post-grid__image-wrapper\">\n\t\t\t\t\t\t\t\t\t\t\t\t\t<div class='flo-block-post-grid__image'>\n\t\t\t\t\t\t\t\t<a href=\"https:\/\/celinedeligey.com\/fr\/gallery\/ambroise-et-marie-mariage-intime-iode-et-decontracte\/\">\n\t\t\t\t\t\t\t\t\t<img width=\"1600\" height=\"1065\" class=\"lazyload\" data-src=\"https:\/\/celinedeligey.com\/wp-content\/uploads\/2025\/12\/Photographe-mariage-intime-bord-de-mer-115.jpg\" data-srcset=\"https:\/\/celinedeligey.com\/wp-content\/uploads\/2025\/12\/Photographe-mariage-intime-bord-de-mer-115.jpg 1600w, https:\/\/celinedeligey.com\/wp-content\/uploads\/2025\/12\/Photographe-mariage-intime-bord-de-mer-115-300x200.jpg 300w, https:\/\/celinedeligey.com\/wp-content\/uploads\/2025\/12\/Photographe-mariage-intime-bord-de-mer-115-1024x682.jpg 1024w, https:\/\/celinedeligey.com\/wp-content\/uploads\/2025\/12\/Photographe-mariage-intime-bord-de-mer-115-768x511.jpg 768w, https:\/\/celinedeligey.com\/wp-content\/uploads\/2025\/12\/Photographe-mariage-intime-bord-de-mer-115-1536x1022.jpg 1536w\" sizes=\"(min-width: 768px) calc(100vw \/ 3), 100vw\" \/>\n\t\t\t\t\t\t\t\t<\/a>\n\t\t\t\t\t\t\t<\/div>\n\t\t\t\t\t\t\n\t\t\t\t\t\t<div class=\"flo-block-post-grid__overlay-wrapper \">\n\t\t\t\t\t\t<a href=\"https:\/\/celinedeligey.com\/fr\/gallery\/ambroise-et-marie-mariage-intime-iode-et-decontracte\/\">\t\n\t\t\t\t\t\t\t<div class=\"flo-block-post-grid__overlay\"><\/div>\n\t\t\t\t\t\t<\/a>\n\t\t\t\t\t\t<\/div>\n\n\t\t\t\t\t\t\t\t\t\t\t\t\t\t\t\t<div class=\"flo-block-post-grid__text\">\n\t\t\t\t\t\t\t\t\t\t<h3 class=\"flo-block-post-grid__title\"><a class=\"in_block\" data-font=\"title_1\/xsmall\" href=\"https:\/\/celinedeligey.com\/fr\/gallery\/ambroise-et-marie-mariage-intime-iode-et-decontracte\/\">Ambroise et Marie ( Mariage intime iod\u00e9 et d\u00e9contract\u00e9 ! )<\/a><\/h3>\n\t\t\t\t\t\t\t\t\t<\/div>\n\n\t\t\t\t\t\t\t\t\t\t\t\t\t\t\t<\/div>\n\t\t\t\t\t\t\t\t\t\t\t\t\t\t\t\t\t\t\t<\/div>\n\t\t\t\t\t<\/div>\n\t\t\t<\/div>\n","protected":false},"excerpt":{"rendered":"","protected":false},"author":1,"featured_media":0,"parent":0,"menu_order":0,"comment_status":"closed","ping_status":"closed","template":"","meta":{"footnotes":""},"class_list":["post-3668","page","type-page","status-publish","hentry"],"fbg_featured_image_src":{"full":false,"thumbnail":false,"medium":false,"medium_large":false,"large":false,"1536x1536":false,"2048x2048":false},"fbg_excerpt":null,"yoast_head":"<!-- This site is optimized with the Yoast SEO plugin v27.3 - https:\/\/yoast.com\/product\/yoast-seo-wordpress\/ -->\n<title>Portfolio - Photographes Toulouse - Celine et Thibaut Deligey -<\/title>\n<meta name=\"robots\" content=\"index, follow, max-snippet:-1, max-image-preview:large, max-video-preview:-1\" \/>\n<link rel=\"canonical\" href=\"https:\/\/celinedeligey.com\/portfolio\/\" \/>\n<meta property=\"og:locale\" content=\"fr_FR\" \/>\n<meta property=\"og:type\" content=\"article\" \/>\n<meta property=\"og:title\" content=\"Portfolio - Photographes Toulouse - Celine et Thibaut Deligey -\" \/>\n<meta property=\"og:url\" content=\"https:\/\/celinedeligey.com\/portfolio\/\" \/>\n<meta property=\"og:site_name\" content=\"Photographes Toulouse - Celine et Thibaut Deligey -\" \/>\n<meta property=\"article:modified_time\" content=\"2023-11-21T14:40:16+00:00\" \/>\n<meta name=\"twitter:card\" content=\"summary_large_image\" \/>\n<script type=\"application\/ld+json\" class=\"yoast-schema-graph\">{\"@context\":\"https:\\\/\\\/schema.org\",\"@graph\":[{\"@type\":\"WebPage\",\"@id\":\"https:\\\/\\\/celinedeligey.com\\\/portfolio\\\/\",\"url\":\"https:\\\/\\\/celinedeligey.com\\\/portfolio\\\/\",\"name\":\"Portfolio - Photographes Toulouse - Celine et Thibaut Deligey -\",\"isPartOf\":{\"@id\":\"https:\\\/\\\/celinedeligey.com\\\/#website\"},\"datePublished\":\"2023-09-12T09:47:33+00:00\",\"dateModified\":\"2023-11-21T14:40:16+00:00\",\"breadcrumb\":{\"@id\":\"https:\\\/\\\/celinedeligey.com\\\/portfolio\\\/#breadcrumb\"},\"inLanguage\":\"fr-FR\",\"potentialAction\":[{\"@type\":\"ReadAction\",\"target\":[\"https:\\\/\\\/celinedeligey.com\\\/portfolio\\\/\"]}]},{\"@type\":\"BreadcrumbList\",\"@id\":\"https:\\\/\\\/celinedeligey.com\\\/portfolio\\\/#breadcrumb\",\"itemListElement\":[{\"@type\":\"ListItem\",\"position\":1,\"name\":\"Home\",\"item\":\"https:\\\/\\\/celinedeligey.com\\\/fr\\\/\"},{\"@type\":\"ListItem\",\"position\":2,\"name\":\"Portfolio\"}]},{\"@type\":\"WebSite\",\"@id\":\"https:\\\/\\\/celinedeligey.com\\\/#website\",\"url\":\"https:\\\/\\\/celinedeligey.com\\\/\",\"name\":\"Photographes Toulouse - Celine et Thibaut Deligey -\",\"description\":\"Photographes &agrave; Toulouse et ses alentours - mariage, familles, couples\",\"publisher\":{\"@id\":\"https:\\\/\\\/celinedeligey.com\\\/#organization\"},\"potentialAction\":[{\"@type\":\"SearchAction\",\"target\":{\"@type\":\"EntryPoint\",\"urlTemplate\":\"https:\\\/\\\/celinedeligey.com\\\/?s={search_term_string}\"},\"query-input\":{\"@type\":\"PropertyValueSpecification\",\"valueRequired\":true,\"valueName\":\"search_term_string\"}}],\"inLanguage\":\"fr-FR\"},{\"@type\":\"Organization\",\"@id\":\"https:\\\/\\\/celinedeligey.com\\\/#organization\",\"name\":\"Photographes Toulouse - Celine et Thibaut Deligey -\",\"url\":\"https:\\\/\\\/celinedeligey.com\\\/\",\"logo\":{\"@type\":\"ImageObject\",\"inLanguage\":\"fr-FR\",\"@id\":\"https:\\\/\\\/celinedeligey.com\\\/#\\\/schema\\\/logo\\\/image\\\/\",\"url\":\"https:\\\/\\\/celinedeligey.com\\\/wp-content\\\/uploads\\\/2023\\\/09\\\/LOGO-CELINE-ET-THIBAUT-e1758530859138.png\",\"contentUrl\":\"https:\\\/\\\/celinedeligey.com\\\/wp-content\\\/uploads\\\/2023\\\/09\\\/LOGO-CELINE-ET-THIBAUT-e1758530859138.png\",\"width\":2052,\"height\":1680,\"caption\":\"Photographes Toulouse - Celine et Thibaut Deligey -\"},\"image\":{\"@id\":\"https:\\\/\\\/celinedeligey.com\\\/#\\\/schema\\\/logo\\\/image\\\/\"}}]}<\/script>\n<!-- \/ Yoast SEO plugin. -->","yoast_head_json":{"title":"Portfolio - Photographes Toulouse - Celine et Thibaut Deligey -","robots":{"index":"index","follow":"follow","max-snippet":"max-snippet:-1","max-image-preview":"max-image-preview:large","max-video-preview":"max-video-preview:-1"},"canonical":"https:\/\/celinedeligey.com\/portfolio\/","og_locale":"fr_FR","og_type":"article","og_title":"Portfolio - Photographes Toulouse - Celine et Thibaut Deligey -","og_url":"https:\/\/celinedeligey.com\/portfolio\/","og_site_name":"Photographes Toulouse - Celine et Thibaut Deligey -","article_modified_time":"2023-11-21T14:40:16+00:00","twitter_card":"summary_large_image","schema":{"@context":"https:\/\/schema.org","@graph":[{"@type":"WebPage","@id":"https:\/\/celinedeligey.com\/portfolio\/","url":"https:\/\/celinedeligey.com\/portfolio\/","name":"Portfolio - Photographes Toulouse - Celine et Thibaut Deligey -","isPartOf":{"@id":"https:\/\/celinedeligey.com\/#website"},"datePublished":"2023-09-12T09:47:33+00:00","dateModified":"2023-11-21T14:40:16+00:00","breadcrumb":{"@id":"https:\/\/celinedeligey.com\/portfolio\/#breadcrumb"},"inLanguage":"fr-FR","potentialAction":[{"@type":"ReadAction","target":["https:\/\/celinedeligey.com\/portfolio\/"]}]},{"@type":"BreadcrumbList","@id":"https:\/\/celinedeligey.com\/portfolio\/#breadcrumb","itemListElement":[{"@type":"ListItem","position":1,"name":"Home","item":"https:\/\/celinedeligey.com\/fr\/"},{"@type":"ListItem","position":2,"name":"Portfolio"}]},{"@type":"WebSite","@id":"https:\/\/celinedeligey.com\/#website","url":"https:\/\/celinedeligey.com\/","name":"Photographes Toulouse - Celine et Thibaut Deligey -","description":"Photographes &agrave; Toulouse et ses alentours - mariage, familles, couples","publisher":{"@id":"https:\/\/celinedeligey.com\/#organization"},"potentialAction":[{"@type":"SearchAction","target":{"@type":"EntryPoint","urlTemplate":"https:\/\/celinedeligey.com\/?s={search_term_string}"},"query-input":{"@type":"PropertyValueSpecification","valueRequired":true,"valueName":"search_term_string"}}],"inLanguage":"fr-FR"},{"@type":"Organization","@id":"https:\/\/celinedeligey.com\/#organization","name":"Photographes Toulouse - Celine et Thibaut Deligey -","url":"https:\/\/celinedeligey.com\/","logo":{"@type":"ImageObject","inLanguage":"fr-FR","@id":"https:\/\/celinedeligey.com\/#\/schema\/logo\/image\/","url":"https:\/\/celinedeligey.com\/wp-content\/uploads\/2023\/09\/LOGO-CELINE-ET-THIBAUT-e1758530859138.png","contentUrl":"https:\/\/celinedeligey.com\/wp-content\/uploads\/2023\/09\/LOGO-CELINE-ET-THIBAUT-e1758530859138.png","width":2052,"height":1680,"caption":"Photographes Toulouse - Celine et Thibaut Deligey -"},"image":{"@id":"https:\/\/celinedeligey.com\/#\/schema\/logo\/image\/"}}]}},"_links":{"self":[{"href":"https:\/\/celinedeligey.com\/fr\/wp-json\/wp\/v2\/pages\/3668","targetHints":{"allow":["GET"]}}],"collection":[{"href":"https:\/\/celinedeligey.com\/fr\/wp-json\/wp\/v2\/pages"}],"about":[{"href":"https:\/\/celinedeligey.com\/fr\/wp-json\/wp\/v2\/types\/page"}],"author":[{"embeddable":true,"href":"https:\/\/celinedeligey.com\/fr\/wp-json\/wp\/v2\/users\/1"}],"replies":[{"embeddable":true,"href":"https:\/\/celinedeligey.com\/fr\/wp-json\/wp\/v2\/comments?post=3668"}],"version-history":[{"count":5,"href":"https:\/\/celinedeligey.com\/fr\/wp-json\/wp\/v2\/pages\/3668\/revisions"}],"predecessor-version":[{"id":6287,"href":"https:\/\/celinedeligey.com\/fr\/wp-json\/wp\/v2\/pages\/3668\/revisions\/6287"}],"wp:attachment":[{"href":"https:\/\/celinedeligey.com\/fr\/wp-json\/wp\/v2\/media?parent=3668"}],"curies":[{"name":"wp","href":"https:\/\/api.w.org\/{rel}","templated":true}]}}